{"id":4,"date":"2016-02-27T11:55:32","date_gmt":"2016-02-27T10:55:32","guid":{"rendered":"http:\/\/www.watzmannklause.de\/?page_id=4"},"modified":"2023-12-29T11:37:20","modified_gmt":"2023-12-29T10:37:20","slug":"oeffnungszeiten","status":"publish","type":"page","link":"https:\/\/www.watzmannklause.de\/index.php\/oeffnungszeiten\/","title":{"rendered":"\u00d6ffnungszeiten"},"content":{"rendered":"<p><strong>Wir haben f\u00fcr Sie ge\u00f6ffnet:<\/strong><\/p>\n<p>Montag bis Donnerstag: 14 &#8211; 23 Uhr<\/p>\n<p>Samstag: 14:00 bis zua is<\/p>\n<p>Sonntag: 13:00 &#8211; 23:00 Uhr<\/p>\n","protected":false},"excerpt":{"rendered":"<p>Wir haben f\u00fcr Sie ge\u00f6ffnet: Montag bis Donnerstag: 14 &#8211; 23 Uhr Samstag: 14:00 bis zua is Sonntag: 13:00 &#8211; 23:00 Uhr<\/p>\n","protected":false},"author":1,"featured_media":0,"parent":0,"menu_order":0,"comment_status":"closed","ping_status":"closed","template":"","meta":[],"_links":{"self":[{"href":"https:\/\/www.watzmannklause.de\/index.php\/wp-json\/wp\/v2\/pages\/4"}],"collection":[{"href":"https:\/\/www.watzmannklause.de\/index.php\/wp-json\/wp\/v2\/pages"}],"about":[{"href":"https:\/\/www.watzmannklause.de\/index.php\/wp-json\/wp\/v2\/types\/page"}],"author":[{"embeddable":true,"href":"https:\/\/www.watzmannklause.de\/index.php\/wp-json\/wp\/v2\/users\/1"}],"replies":[{"embeddable":true,"href":"https:\/\/www.watzmannklause.de\/index.php\/wp-json\/wp\/v2\/comments?post=4"}],"version-history":[{"count":9,"href":"https:\/\/www.watzmannklause.de\/index.php\/wp-json\/wp\/v2\/pages\/4\/revisions"}],"predecessor-version":[{"id":362,"href":"https:\/\/www.watzmannklause.de\/index.php\/wp-json\/wp\/v2\/pages\/4\/revisions\/362"}],"wp:attachment":[{"href":"https:\/\/www.watzmannklause.de\/index.php\/wp-json\/wp\/v2\/media?parent=4"}],"curies":[{"name":"wp","href":"https:\/\/api.w.org\/{rel}","templated":true}]}}