{"id":22,"date":"2016-02-27T18:37:28","date_gmt":"2016-02-27T17:37:28","guid":{"rendered":"http:\/\/www.watzmannklause.de\/?page_id=22"},"modified":"2024-01-04T20:26:24","modified_gmt":"2024-01-04T19:26:24","slug":"watzmann-klause-die-fussballkneipe-in-augsburg-friedberger-strasse","status":"publish","type":"page","link":"https:\/\/www.watzmannklause.de\/","title":{"rendered":"Watzmannklause &#8211; Sports &#038; Darts"},"content":{"rendered":"<div class=\"entry-content\">\n<h2>Watzmannklause &#8211; die Sports- und Dartkneipe in Augsburg-Hochzoll<\/h2>\n<p><strong>In der Watzmannklause k\u00f6nnt Ihr alle wichtigen Fu\u00dfballspiele national oder international auf Gro\u00dfleinwand verfolgen.<\/strong><\/p>\n<p>Wir \u00fcbertragen live \u00fcber Sky Spiele der 1. und 2. Bundesliga, Europa League und Champions-League.<\/p>\n<p><strong>Dar\u00fcberhinaus stehen Euch zwei Dart-, ein Kicker- und mehrere Geldspiel-Automaten zur Verf\u00fcgung!<br \/>\n<\/strong><\/p>\n<p>In der Watzmannklause kann man sich in entspannter Atmosph\u00e4re bei einem k\u00fchlen Augustiner oder Riegele unterhalten!<\/p>\n<p>Bitte beachtet unsere <a href=\"http:\/\/www.watzmannklause.de\/index.php\/watzmann-klause-die-fussballkneipe-in-augsburg-friedberger-strasse\/veranstaltungen-neuigkeiten\/\">Infoseite<\/a><\/p>\n<\/div>\n<p>Euer Watzeteam<\/p>\n","protected":false},"excerpt":{"rendered":"<p>Watzmannklause &#8211; die Sports- und Dartkneipe in Augsburg-Hochzoll In der Watzmannklause k\u00f6nnt Ihr alle wichtigen Fu\u00dfballspiele national oder international auf Gro\u00dfleinwand verfolgen. Wir \u00fcbertragen live \u00fcber Sky Spiele der 1. und 2. Bundesliga, Europa League und Champions-League. Dar\u00fcberhinaus stehen Euch zwei Dart-, ein Kicker- und mehrere Geldspiel-Automaten zur Verf\u00fcgung! In der Watzmannklause kann man sich &hellip; <a href=\"https:\/\/www.watzmannklause.de\/\" class=\"more-link\"><span class=\"screen-reader-text\">&#8222;Watzmannklause &#8211; Sports &#038; Darts&#8220; <\/span>weiterlesen<\/a><\/p>\n","protected":false},"author":1,"featured_media":0,"parent":0,"menu_order":0,"comment_status":"closed","ping_status":"closed","template":"","meta":[],"_links":{"self":[{"href":"https:\/\/www.watzmannklause.de\/index.php\/wp-json\/wp\/v2\/pages\/22"}],"collection":[{"href":"https:\/\/www.watzmannklause.de\/index.php\/wp-json\/wp\/v2\/pages"}],"about":[{"href":"https:\/\/www.watzmannklause.de\/index.php\/wp-json\/wp\/v2\/types\/page"}],"author":[{"embeddable":true,"href":"https:\/\/www.watzmannklause.de\/index.php\/wp-json\/wp\/v2\/users\/1"}],"replies":[{"embeddable":true,"href":"https:\/\/www.watzmannklause.de\/index.php\/wp-json\/wp\/v2\/comments?post=22"}],"version-history":[{"count":29,"href":"https:\/\/www.watzmannklause.de\/index.php\/wp-json\/wp\/v2\/pages\/22\/revisions"}],"predecessor-version":[{"id":373,"href":"https:\/\/www.watzmannklause.de\/index.php\/wp-json\/wp\/v2\/pages\/22\/revisions\/373"}],"wp:attachment":[{"href":"https:\/\/www.watzmannklause.de\/index.php\/wp-json\/wp\/v2\/media?parent=22"}],"curies":[{"name":"wp","href":"https:\/\/api.w.org\/{rel}","templated":true}]}}