{"id":120,"date":"2018-04-24T18:54:35","date_gmt":"2018-04-24T16:54:35","guid":{"rendered":"http:\/\/www.watzmannklause.de\/?page_id=120"},"modified":"2023-12-29T11:55:08","modified_gmt":"2023-12-29T10:55:08","slug":"dart-club-dc-watzmann","status":"publish","type":"page","link":"https:\/\/www.watzmannklause.de\/index.php\/dart-club-dc-watzmann\/","title":{"rendered":"Dart-Club DC Watzmann"},"content":{"rendered":"<h2>Der Dart-Club DC Watzmann wurde im April 2018 gegr\u00fcndet.<\/h2>\n<p>Wir spielen mit 3 Mannschaften in der Augsburger Dartliga<\/p>\n<p><strong>Spielort f\u00fcr Heimspiele ist die Watzmannklause in Hochzoll. Beginn der Spiele: 20 Uhr<\/strong><\/p>\n<p>Im Februar 2018 wurde der Dartclub DC Watzmann gegr\u00fcndet<\/p>\n<ul>\n<li style=\"padding-left: 30px;\">Im M\u00e4rz 2018 haben wir uns f\u00fcr die C-Liga angemeldet und den 3. Platz erreicht<\/li>\n<li style=\"padding-left: 30px;\">Wie haben die 1. Saison 2018 mit dem 3. Platz abgeschlossen und sind in die <a href=\"http:\/\/augsburger-dartliga.de\/showteams\/index\/id\/3\" target=\"_blank\" rel=\"noopener\">B-Liga<\/a> aufgestiegen<\/li>\n<li style=\"padding-left: 30px;\">In der 1. Saison in der B-Liga haben wir einen beachtlichen 5. Platz erreicht.<\/li>\n<li style=\"padding-left: 30px;\">Als Ziel f\u00fcr die 2. Saison 2019\/2020 haben wir uns den Aufstieg gesetzt.<\/li>\n<\/ul>\n<p>Im September\u00a0 2019 ging die 2. Mannschaft des DC Watzmann an den Start und spielt in der <a href=\"http:\/\/augsburger-dartliga.de\/showteams\/index\/id\/5\" target=\"_blank\" rel=\"noopener\">C2-Liga<\/a><\/p>\n<p><a href=\"https:\/\/www.watzmannklause.de\/index.php\/dc-watzmann-i\/\" target=\"_blank\" rel=\"noopener\">DC Watzmann I<\/a><\/p>\n<figure id=\"attachment_323\" aria-describedby=\"caption-attachment-323\" style=\"width: 840px\" class=\"wp-caption alignnone\"><a href=\"https:\/\/www.watzmannklause.de\/index.php\/galerie\/img-20191212-wa0000\/\" rel=\"attachment wp-att-323\"><img loading=\"lazy\" class=\"wp-image-323 size-large\" src=\"https:\/\/www.watzmannklause.de\/wp-content\/uploads\/2019\/12\/IMG-20191212-WA0000-1024x768.jpg\" alt=\"1. Mannschaft\" width=\"840\" height=\"630\" srcset=\"https:\/\/www.watzmannklause.de\/wp-content\/uploads\/2019\/12\/IMG-20191212-WA0000-1024x768.jpg 1024w, https:\/\/www.watzmannklause.de\/wp-content\/uploads\/2019\/12\/IMG-20191212-WA0000-300x225.jpg 300w, https:\/\/www.watzmannklause.de\/wp-content\/uploads\/2019\/12\/IMG-20191212-WA0000-768x576.jpg 768w, https:\/\/www.watzmannklause.de\/wp-content\/uploads\/2019\/12\/IMG-20191212-WA0000-1200x900.jpg 1200w, https:\/\/www.watzmannklause.de\/wp-content\/uploads\/2019\/12\/IMG-20191212-WA0000.jpg 1600w\" sizes=\"(max-width: 709px) 85vw, (max-width: 909px) 67vw, (max-width: 1362px) 62vw, 840px\" \/><\/a><figcaption id=\"caption-attachment-323\" class=\"wp-caption-text\">1. Mannschaft DC Watzmann<\/figcaption><\/figure>\n<p>Im Juli 2019 haben wir eine 2. Mannschaft gegr\u00fcndet, die in der Liga C2 an der Start geht:<br \/>\n<a href=\"https:\/\/www.watzmannklause.de\/index.php\/dart-club-dc-watzmann\/spielplan-1-2-runde-saison-1920\/\" target=\"_blank\" rel=\"noopener\">DC Watzmann II<\/a><\/p>\n<figure id=\"attachment_325\" aria-describedby=\"caption-attachment-325\" style=\"width: 840px\" class=\"wp-caption alignnone\"><a href=\"https:\/\/www.watzmannklause.de\/wp-content\/uploads\/2018\/04\/20191210_230938-e1576186254319.jpg\" rel=\"attachment wp-att-325\"><img loading=\"lazy\" class=\"wp-image-325 size-large\" src=\"https:\/\/www.watzmannklause.de\/wp-content\/uploads\/2018\/04\/20191210_230938-e1579312547186-1024x498.jpg\" alt=\"2. Mannschaft\" width=\"840\" height=\"409\" srcset=\"https:\/\/www.watzmannklause.de\/wp-content\/uploads\/2018\/04\/20191210_230938-e1579312547186-1024x498.jpg 1024w, https:\/\/www.watzmannklause.de\/wp-content\/uploads\/2018\/04\/20191210_230938-e1579312547186-300x146.jpg 300w, https:\/\/www.watzmannklause.de\/wp-content\/uploads\/2018\/04\/20191210_230938-e1579312547186-768x373.jpg 768w, https:\/\/www.watzmannklause.de\/wp-content\/uploads\/2018\/04\/20191210_230938-e1579312547186-1200x583.jpg 1200w\" sizes=\"(max-width: 709px) 85vw, (max-width: 909px) 67vw, (max-width: 1362px) 62vw, 840px\" \/><\/a><figcaption id=\"caption-attachment-325\" class=\"wp-caption-text\">2. Mannschaft DC Watzmann<\/figcaption><\/figure>\n<p>Wenn ihr Interesse habt, bei uns mit zu spielen, bitte bei J\u00fcrgen Eyring melden unter: 0171 3536472<\/p>\n","protected":false},"excerpt":{"rendered":"<p>Der Dart-Club DC Watzmann wurde im April 2018 gegr\u00fcndet. Wir spielen mit 3 Mannschaften in der Augsburger Dartliga Spielort f\u00fcr Heimspiele ist die Watzmannklause in Hochzoll. Beginn der Spiele: 20 Uhr Im Februar 2018 wurde der Dartclub DC Watzmann gegr\u00fcndet Im M\u00e4rz 2018 haben wir uns f\u00fcr die C-Liga angemeldet und den 3. Platz erreicht &hellip; <a href=\"https:\/\/www.watzmannklause.de\/index.php\/dart-club-dc-watzmann\/\" class=\"more-link\"><span class=\"screen-reader-text\">&#8222;Dart-Club DC Watzmann&#8220; <\/span>weiterlesen<\/a><\/p>\n","protected":false},"author":2,"featured_media":0,"parent":0,"menu_order":0,"comment_status":"closed","ping_status":"closed","template":"","meta":[],"_links":{"self":[{"href":"https:\/\/www.watzmannklause.de\/index.php\/wp-json\/wp\/v2\/pages\/120"}],"collection":[{"href":"https:\/\/www.watzmannklause.de\/index.php\/wp-json\/wp\/v2\/pages"}],"about":[{"href":"https:\/\/www.watzmannklause.de\/index.php\/wp-json\/wp\/v2\/types\/page"}],"author":[{"embeddable":true,"href":"https:\/\/www.watzmannklause.de\/index.php\/wp-json\/wp\/v2\/users\/2"}],"replies":[{"embeddable":true,"href":"https:\/\/www.watzmannklause.de\/index.php\/wp-json\/wp\/v2\/comments?post=120"}],"version-history":[{"count":75,"href":"https:\/\/www.watzmannklause.de\/index.php\/wp-json\/wp\/v2\/pages\/120\/revisions"}],"predecessor-version":[{"id":366,"href":"https:\/\/www.watzmannklause.de\/index.php\/wp-json\/wp\/v2\/pages\/120\/revisions\/366"}],"wp:attachment":[{"href":"https:\/\/www.watzmannklause.de\/index.php\/wp-json\/wp\/v2\/media?parent=120"}],"curies":[{"name":"wp","href":"https:\/\/api.w.org\/{rel}","templated":true}]}}